{"id":53788,"date":"2020-07-23T11:36:23","date_gmt":"2020-07-23T08:36:23","guid":{"rendered":"https:\/\/www.gpec.ro\/gpec-e-commerce-digital-marketing-summer-school\/agenda\/"},"modified":"2020-07-23T11:36:23","modified_gmt":"2020-07-23T08:36:23","slug":"agenda","status":"publish","type":"page","link":"https:\/\/www.gpec.ro\/en\/gpec-e-commerce-digital-marketing-summer-school\/agenda\/","title":{"rendered":"Agenda"},"content":{"rendered":"<p>Te a\u0219tept\u0103m cu bra\u021bele deschise pentru <strong>checkin la ora 16:00<\/strong> la <strong><a href=\"http:\/\/www.pensiunea-arnica.ro\/\" target=\"_blank\" rel=\"noopener\">Family Hotel Arnica<\/a><\/strong> din Moeciu de Sus, str. Valea B\u0103ng\u0103leasc\u0103 nr. 127 D, jude\u021bul Bra\u0219ov (zona Bran).<\/p>\n<p>Suntem convin\u0219i c\u0103 aerul curat de munte, precum \u0219i curtea plin\u0103 de verdea\u021b\u0103 \u0219i flori te vor face s\u0103 te sim\u021bi, din start, deconectat de la aglomera\u021bia \u0219i griul citadin.<\/p>\n<p>\u00cenc\u0103 de la sosire, \u00ee\u021bi vom face cuno\u0219tin\u021b\u0103 cu un \u201cpersonaj marcant\u201d al \u0218colii de Var\u0103 cu care vei interac\u021biona frecvent timp de 5 zile: <strong>Frigiderul GPeC<\/strong>. \ud83d\ude42 Nu de alta, dar de la Frigiderul GPeC vei servi cam tot ce \u00ee\u021bi dore\u0219ti, all inclusive: p\u0103linc\u0103, vin, whiskey, bere, gin, ap\u0103, suc (dup\u0103 preferin\u021be). \ud83d\ude09<\/p>\n<p>\u00centre orele 16:00 \u0219i 17:30 te l\u0103s\u0103m s\u0103 te cazezi \u0219i s\u0103 te faci comod \u00een urma drumului. Dup\u0103 ce \u00ee\u021bi despachetezi bagajele, te a\u0219tept\u0103m \u00een curtea Family Hotel Arnica la sesiunea de <strong>Ice Breaking<\/strong> pentru a face cuno\u0219tin\u021b\u0103 cu cei care \u00ee\u021bi vor fi al\u0103turi timp de 5 zile.<\/p>\n","protected":false},"excerpt":{"rendered":"<p>Te a\u0219tept\u0103m cu bra\u021bele deschise pentru checkin la ora 16:00 la Family Hotel Arnica din Moeciu de Sus, str. Valea B\u0103ng\u0103leasc\u0103 nr. 127 D, jude\u021bul Bra\u0219ov (zona Bran). Suntem convin\u0219i c\u0103 aerul curat de munte, precum \u0219i curtea plin\u0103 de verdea\u021b\u0103 \u0219i flori te vor face s\u0103 te sim\u021bi, din start, deconectat de la aglomera\u021bia [&hellip;]<\/p>\n","protected":false},"author":1,"featured_media":0,"parent":51854,"menu_order":0,"comment_status":"closed","ping_status":"closed","template":"agenda-scoala-happening.php","meta":{"footnotes":""},"acf":[],"jetpack_sharing_enabled":true,"_links":{"self":[{"href":"https:\/\/www.gpec.ro\/en\/wp-json\/wp\/v2\/pages\/53788"}],"collection":[{"href":"https:\/\/www.gpec.ro\/en\/wp-json\/wp\/v2\/pages"}],"about":[{"href":"https:\/\/www.gpec.ro\/en\/wp-json\/wp\/v2\/types\/page"}],"author":[{"embeddable":true,"href":"https:\/\/www.gpec.ro\/en\/wp-json\/wp\/v2\/users\/1"}],"replies":[{"embeddable":true,"href":"https:\/\/www.gpec.ro\/en\/wp-json\/wp\/v2\/comments?post=53788"}],"version-history":[{"count":0,"href":"https:\/\/www.gpec.ro\/en\/wp-json\/wp\/v2\/pages\/53788\/revisions"}],"up":[{"embeddable":true,"href":"https:\/\/www.gpec.ro\/en\/wp-json\/wp\/v2\/pages\/51854"}],"wp:attachment":[{"href":"https:\/\/www.gpec.ro\/en\/wp-json\/wp\/v2\/media?parent=53788"}],"curies":[{"name":"wp","href":"https:\/\/api.w.org\/{rel}","templated":true}]}}